{"id":36,"date":"2019-07-24T12:46:42","date_gmt":"2019-07-24T12:46:42","guid":{"rendered":"http:\/\/www.telemarcar.com\/web\/?page_id=36"},"modified":"2019-08-23T14:33:04","modified_gmt":"2019-08-23T14:33:04","slug":"imagen-digital","status":"publish","type":"page","link":"https:\/\/www.telemarcar.com\/web\/imagen-digital\/","title":{"rendered":"Imagen digital"},"content":{"rendered":"<p>[et_pb_section fb_built=\u00bb1&#8243; disabled_on=\u00bbon|on|off\u00bb _builder_version=\u00bb3.21.1&#8243; background_image=\u00bbhttp:\/\/www.telemarcar.com\/web\/wp-content\/uploads\/2019\/08\/cabezote_imagen_digital.png\u00bb custom_padding=\u00bb71px|0px|71px|0px|false|false\u00bb][et_pb_row _builder_version=\u00bb3.21.1&#8243;][et_pb_column type=\u00bb4_4&#8243; _builder_version=\u00bb3.21.1&#8243;][et_pb_text _builder_version=\u00bb3.21.1&#8243; text_font=\u00bbActor|700|||||||\u00bb text_text_color=\u00bb#ffffff\u00bb text_font_size=\u00bb70px\u00bb text_text_shadow_style=\u00bbpreset5&#8243; text_text_shadow_horizontal_length=\u00bb0.05em\u00bb text_text_shadow_vertical_length=\u00bb0.05em\u00bb text_text_shadow_blur_strength=\u00bb0.03em\u00bb text_orientation=\u00bbcenter\u00bb]<\/p>\n<p>Imagen Digital<\/p>\n<p>[\/et_pb_text][\/et_pb_column][\/et_pb_row][\/et_pb_section][et_pb_section fb_built=\u00bb1&#8243; disabled_on=\u00bboff|off|on\u00bb _builder_version=\u00bb3.21.1&#8243; background_image=\u00bbhttp:\/\/www.telemarcar.com\/web\/wp-content\/uploads\/2019\/08\/cabezote_imagen_digital.png\u00bb custom_padding=\u00bb47px|0px|47px|0px|false|false\u00bb][et_pb_row _builder_version=\u00bb3.21.1&#8243;][et_pb_column type=\u00bb4_4&#8243; _builder_version=\u00bb3.21.1&#8243;][et_pb_text _builder_version=\u00bb3.21.1&#8243; text_font=\u00bbActor|700|||||||\u00bb text_text_color=\u00bb#ffffff\u00bb text_font_size=\u00bb37px\u00bb text_line_height=\u00bb1.2em\u00bb text_text_shadow_style=\u00bbpreset5&#8243; text_text_shadow_horizontal_length=\u00bb0.05em\u00bb text_text_shadow_vertical_length=\u00bb0.05em\u00bb text_text_shadow_blur_strength=\u00bb0.03em\u00bb text_orientation=\u00bbcenter\u00bb]<\/p>\n<p>Imagen Digital<\/p>\n<p>[\/et_pb_text][\/et_pb_column][\/et_pb_row][\/et_pb_section][et_pb_section fb_built=\u00bb1&#8243; specialty=\u00bbon\u00bb _builder_version=\u00bb3.21.1&#8243; custom_padding=\u00bb54px|0px|34px|0px|false|false\u00bb][et_pb_column type=\u00bb3_4&#8243; specialty_columns=\u00bb3&#8243; _builder_version=\u00bb3.0.47&#8243;][et_pb_row_inner custom_padding=\u00bb29.6875px|0px|2px|0px|false|false\u00bb _builder_version=\u00bb3.21.1&#8243;][et_pb_column_inner type=\u00bb1_2&#8243; saved_specialty_column_type=\u00bb3_4&#8243; _builder_version=\u00bb3.0.47&#8243;][et_pb_text _builder_version=\u00bb3.21.1&#8243; text_font=\u00bb||||||||\u00bb header_font=\u00bbActor|700|||||||\u00bb header_text_color=\u00bb#0056a1&#8243;]<\/p>\n<h1><span style=\"text-decoration: underline;\">E<\/span>sc\u00e1ner<\/h1>\n<p>[\/et_pb_text][et_pb_text _builder_version=\u00bb3.21.1&#8243; text_font=\u00bbAsap Condensed|500|||||||\u00bb text_text_color=\u00bb#000000&#8243; text_font_size=\u00bb16px\u00bb text_line_height=\u00bb1.5em\u00bb text_orientation=\u00bbjustified\u00bb]<\/p>\n<p><span>Contamos con digitalizadores para toda necesidad de negocio, desde modelos compactos y veloces, hasta grandes formatos y alto volumen.<\/p>\n<p>Gestione proyectos y flujos de trabajo de forma r\u00e1pida y segura. Gestione de manera f\u00e1cil los soportes mixtos y obtenga escaneado d\u00faplex de una sola pasada con velocidades de hasta 35 ppm\/70 ipm. Escanee a dispositivos m\u00f3viles para un control sobre la marcha.<br \/>\n<\/span><\/p>\n<p>[\/et_pb_text][\/et_pb_column_inner][et_pb_column_inner type=\u00bb1_2&#8243; saved_specialty_column_type=\u00bb3_4&#8243; _builder_version=\u00bb3.0.47&#8243;][et_pb_image src=\u00bbhttp:\/\/www.telemarcar.com\/web\/wp-content\/uploads\/2019\/08\/escaner_epson_.png\u00bb use_overlay=\u00bbon\u00bb _builder_version=\u00bb3.21.1&#8243; border_radii=\u00bbon|16px|16px|16px|16px\u00bb border_width_all=\u00bb2px\u00bb border_color_all=\u00bb#c7c9cc\u00bb][\/et_pb_image][\/et_pb_column_inner][\/et_pb_row_inner][et_pb_row_inner custom_padding=\u00bb29.6875px|0px|0|0px|false|false\u00bb _builder_version=\u00bb3.21.1&#8243;][et_pb_column_inner type=\u00bb4_4&#8243; saved_specialty_column_type=\u00bb3_4&#8243; _builder_version=\u00bb3.0.47&#8243;][et_pb_divider color=\u00bb#c7c9cc\u00bb _builder_version=\u00bb3.21.1&#8243;][\/et_pb_divider][\/et_pb_column_inner][\/et_pb_row_inner][et_pb_row_inner custom_padding=\u00bb29.6875px|0px|2px|0px|false|false\u00bb _builder_version=\u00bb3.21.1&#8243;][et_pb_column_inner type=\u00bb1_2&#8243; saved_specialty_column_type=\u00bb3_4&#8243; _builder_version=\u00bb3.0.47&#8243;][et_pb_image src=\u00bbhttp:\/\/www.telemarcar.com\/web\/wp-content\/uploads\/2019\/08\/video_proyector_epson.png\u00bb _builder_version=\u00bb3.21.1&#8243; border_radii=\u00bbon|16px|16px|16px|16px\u00bb border_width_all=\u00bb2px\u00bb border_color_all=\u00bb#c7c9cc\u00bb][\/et_pb_image][\/et_pb_column_inner][et_pb_column_inner type=\u00bb1_2&#8243; saved_specialty_column_type=\u00bb3_4&#8243; _builder_version=\u00bb3.0.47&#8243;][et_pb_text _builder_version=\u00bb3.21.1&#8243; text_font=\u00bb||||||||\u00bb header_font=\u00bbActor|700|||||||\u00bb header_text_color=\u00bb#0056a1&#8243;]<\/p>\n<h1><span style=\"text-decoration: underline;\">V<\/span>ideo Proyectores<\/h1>\n<p>[\/et_pb_text][et_pb_text _builder_version=\u00bb3.21.1&#8243; text_font=\u00bbAsap Condensed|500|||||||\u00bb text_text_color=\u00bb#000000&#8243; text_font_size=\u00bb16px\u00bb text_line_height=\u00bb1.5em\u00bb text_orientation=\u00bbjustified\u00bb]Para salas ejecutivas y salas de reuniones medianas y grandes con luz ambiental. Ligeros y f\u00e1ciles de transportar, estos proyectores port\u00e1tiles son brillantes, f\u00e1ciles de instalar y tienen las opciones de conectividad m\u00e1s recientes para computadores port\u00e1tiles, tel\u00e9fonos inteligentes y tabletas. <\/p>\n<p>Ligeros y f\u00e1ciles de transportar, estos proyectores port\u00e1tiles son brillantes, f\u00e1ciles de instalar y tienen las opciones de conectividad m\u00e1s recientes para computadores port\u00e1tiles, tel\u00e9fonos inteligentes y tabletas.<br \/>\n<\/span><\/p>\n<p>[\/et_pb_text][\/et_pb_column_inner][\/et_pb_row_inner][et_pb_row_inner custom_padding=\u00bb29.6875px|0px|0|0px|false|false\u00bb _builder_version=\u00bb3.21.1&#8243;][et_pb_column_inner type=\u00bb4_4&#8243; saved_specialty_column_type=\u00bb3_4&#8243; _builder_version=\u00bb3.0.47&#8243;][et_pb_divider color=\u00bb#c7c9cc\u00bb _builder_version=\u00bb3.21.1&#8243;][\/et_pb_divider][\/et_pb_column_inner][\/et_pb_row_inner][et_pb_row_inner custom_padding=\u00bb22px|0px|2px|0px|false|false\u00bb _builder_version=\u00bb3.21.1&#8243;][et_pb_column_inner type=\u00bb1_2&#8243; saved_specialty_column_type=\u00bb3_4&#8243; _builder_version=\u00bb3.0.47&#8243;][et_pb_text _builder_version=\u00bb3.21.1&#8243; text_font=\u00bb||||||||\u00bb header_font=\u00bbActor|700|||||||\u00bb header_text_color=\u00bb#0056a1&#8243;]<\/p>\n<h1><span style=\"text-decoration: underline;\">M<\/span>onitores<\/h1>\n<p>[\/et_pb_text][et_pb_text _builder_version=\u00bb3.21.1&#8243; text_font=\u00bbAsap Condensed|500|||||||\u00bb text_text_color=\u00bb#000000&#8243; text_font_size=\u00bb16px\u00bb text_line_height=\u00bb1.5em\u00bb text_orientation=\u00bbjustified\u00bb]<\/p>\n<p><span>Los monitores est\u00e1n dise\u00f1ados para satisfacer todos los presupuestos y necesidades del negocio. Creados con una confiabilidad sorprendente, est\u00e1n repletos de funciones de productividad para aumentar la eficiencia. Adem\u00e1s, nuestros monitores UltraSharp incorporan tecnolog\u00eda avanzada disponible para obtener el m\u00e1ximo rendimiento. Por lo tanto, sin importar cu\u00e1l sea su negocio, lo ayudaremos a optimizarlo. Colabore y comparta su trabajo con im\u00e1genes excelentes, tecnolog\u00eda interactiva y opciones de conexi\u00f3n inal\u00e1mbrica<br \/>\n<\/span><\/p>\n<p>[\/et_pb_text][\/et_pb_column_inner][et_pb_column_inner type=\u00bb1_2&#8243; saved_specialty_column_type=\u00bb3_4&#8243; _builder_version=\u00bb3.0.47&#8243;][et_pb_image src=\u00bbhttp:\/\/www.telemarcar.com\/web\/wp-content\/uploads\/2019\/08\/monitores.png\u00bb _builder_version=\u00bb3.21.1&#8243; border_radii=\u00bbon|16px|16px|16px|16px\u00bb border_width_all=\u00bb2px\u00bb border_color_all=\u00bb#c7c9cc\u00bb][\/et_pb_image][\/et_pb_column_inner][\/et_pb_row_inner][\/et_pb_column][et_pb_column type=\u00bb1_4&#8243; _builder_version=\u00bb3.0.47&#8243;][et_pb_post_slider posts_number=\u00bb8&#8243; include_categories=\u00bb3&#8243; more_text=\u00bbLeer m\u00e1s\u00bb excerpt_length=\u00bb170&#8243; show_meta=\u00bboff\u00bb use_text_overlay=\u00bboff\u00bb _builder_version=\u00bb3.21.1&#8243; header_font=\u00bbAsap Condensed|500|||||||\u00bb header_text_align=\u00bbcenter\u00bb header_font_size=\u00bb27px\u00bb header_text_shadow_style=\u00bbpreset5&#8243; header_text_shadow_horizontal_length=\u00bb0.09em\u00bb header_text_shadow_vertical_length=\u00bb0.09em\u00bb header_text_shadow_blur_strength=\u00bb0.03em\u00bb header_text_shadow_color=\u00bbrgba(0,0,0,0.77)\u00bb body_font=\u00bbAsap Condensed|500|||||||\u00bb body_font_size=\u00bb17px\u00bb meta_font=\u00bb||||||||\u00bb border_radii=\u00bbon|10px|10px|10px|10px\u00bb custom_button=\u00bbon\u00bb button_text_size=\u00bb16px\u00bb button_text_color=\u00bb#073f78&#8243; button_bg_color=\u00bbrgba(255,255,255,0.8)\u00bb button_font=\u00bbActor|700|||||||\u00bb button_icon=\u00bb%%72%%\u00bb][\/et_pb_post_slider][\/et_pb_column][\/et_pb_section][et_pb_section fb_built=\u00bb1&#8243; next_background_color=\u00bb#00274f\u00bb _builder_version=\u00bb3.21.1&#8243; custom_padding=\u00bb30px|0px|88px|0px|false|false\u00bb bottom_divider_style=\u00bbramp2&#8243;][et_pb_row _builder_version=\u00bb3.21.1&#8243;][et_pb_column type=\u00bb4_4&#8243; _builder_version=\u00bb3.21.1&#8243;][et_pb_text _builder_version=\u00bb3.21.1&#8243; text_font=\u00bb||||||||\u00bb text_orientation=\u00bbcenter\u00bb]<\/p>\n<p><img loading=\"lazy\" decoding=\"async\" src=\"http:\/\/www.telemarcar.com\/web\/wp-content\/uploads\/2019\/08\/epson.png\" width=\"150\" height=\"100\" alt=\"\" class=\"wp-image-381 alignnone size-full\" \/>\u00a0\u00a0 <img loading=\"lazy\" decoding=\"async\" src=\"http:\/\/www.telemarcar.com\/web\/wp-content\/uploads\/2019\/08\/samsung.png\" width=\"150\" height=\"100\" alt=\"\" class=\"wp-image-382 alignnone size-full\" \/>\u00a0\u00a0 <img loading=\"lazy\" decoding=\"async\" src=\"http:\/\/www.telemarcar.com\/web\/wp-content\/uploads\/2019\/08\/sony.png\" width=\"150\" height=\"100\" alt=\"\" class=\"wp-image-383 alignnone size-full\" \/>\u00a0\u00a0 <img loading=\"lazy\" decoding=\"async\" src=\"http:\/\/www.telemarcar.com\/web\/wp-content\/uploads\/2019\/08\/viewsonic.png\" width=\"150\" height=\"100\" alt=\"\" class=\"wp-image-384 alignnone size-full\" \/><\/p>\n<p>[\/et_pb_text][\/et_pb_column][\/et_pb_row][\/et_pb_section][et_pb_section fb_built=\u00bb1&#8243; _builder_version=\u00bb3.21.1&#8243; background_color=\u00bb#00274f\u00bb custom_padding=\u00bb58px|0px|0|0px|false|false\u00bb top_divider_height=\u00bb53px\u00bb top_divider_arrangement=\u00bbabove_content\u00bb global_module=\u00bb183&#8243; saved_tabs=\u00bball\u00bb][et_pb_row custom_padding=\u00bb27px|0px|35px|0px|false|false\u00bb _builder_version=\u00bb3.21.1&#8243;][et_pb_column type=\u00bb1_4&#8243; _builder_version=\u00bb3.0.47&#8243;][et_pb_text _builder_version=\u00bb3.21.1&#8243; text_font=\u00bbActor|700|||||||\u00bb text_text_color=\u00bb#ffffff\u00bb text_font_size=\u00bb22px\u00bb]<\/p>\n<p><span style=\"text-decoration: underline;\">S<\/span>uscr\u00edbete<\/p>\n<p>[\/et_pb_text][et_pb_signup mailchimp_list=\u00bbundefined|\u00bb first_name_field=\u00bboff\u00bb last_name_field=\u00bboff\u00bb success_message=\u00bbSuscripci\u00f3n exitosa\u00bb description=\u00bb<\/p>\n<p>Recibe nuestro bolet\u00edn mensual<\/p>\n<p>\u00bb _builder_version=\u00bb3.21.1&#8243; form_field_font=\u00bbActor||||||||\u00bb form_field_font_size=\u00bb15px\u00bb body_font=\u00bbActor||||||||\u00bb body_font_size=\u00bb17px\u00bb result_message_font=\u00bbActor||||||||\u00bb result_message_text_color=\u00bb#ffffff\u00bb result_message_font_size=\u00bb15px\u00bb use_background_color=\u00bboff\u00bb border_radii_fields=\u00bbon|13px|13px|13px|13px\u00bb custom_button=\u00bbon\u00bb button_text_size=\u00bb19px\u00bb button_border_width=\u00bb1px\u00bb button_border_radius=\u00bb13px\u00bb button_font=\u00bbActor|700|||||||\u00bb button_icon=\u00bb%%109%%\u00bb][\/et_pb_signup][\/et_pb_column][et_pb_column type=\u00bb1_4&#8243; _builder_version=\u00bb3.0.47&#8243;][et_pb_text _builder_version=\u00bb3.21.1&#8243; text_font=\u00bbActor|700|||||||\u00bb text_text_color=\u00bb#ffffff\u00bb text_font_size=\u00bb22px\u00bb]<\/p>\n<p><span style=\"text-decoration: underline;\">M<\/span>en\u00fa<\/p>\n<p>[\/et_pb_text][et_pb_text _builder_version=\u00bb3.21.1&#8243; text_font=\u00bbActor||||||||\u00bb text_text_color=\u00bb#ffffff\u00bb text_font_size=\u00bb18px\u00bb text_line_height=\u00bb1.8em\u00bb]<\/p>\n<p><span style=\"color: #ffffff;\"><a href=\"http:\/\/www.telemarcar.com\/web\/\" style=\"color: #ffffff;\">Inicio<\/a><\/span><br \/> <span style=\"color: #ffffff;\"> <a href=\"http:\/\/www.telemarcar.com\/web\/soluciones\/\" style=\"color: #ffffff;\">Soluciones<\/a><\/span><br \/> <span style=\"color: #ffffff;\"> <a href=\"http:\/\/www.telemarcar.com\/web\/productos\/\" style=\"color: #ffffff;\">Productos<\/a><\/span><br \/> <span style=\"color: #ffffff;\"> <a href=\"http:\/\/www.telemarcar.com\/web\/contactenos\/\" style=\"color: #ffffff;\">Contacto<\/a><\/span><\/p>\n<p>[\/et_pb_text][\/et_pb_column][et_pb_column type=\u00bb1_4&#8243; _builder_version=\u00bb3.0.47&#8243;][et_pb_text _builder_version=\u00bb3.21.1&#8243; text_font=\u00bbActor|700|||||||\u00bb text_text_color=\u00bb#ffffff\u00bb text_font_size=\u00bb22px\u00bb]<\/p>\n<p><u>U<\/u>bicaci\u00f3n<\/p>\n<p>[\/et_pb_text][et_pb_text _builder_version=\u00bb3.21.1&#8243; text_font=\u00bbActor||||||||\u00bb text_text_color=\u00bb#ffffff\u00bb text_font_size=\u00bb18px\u00bb text_line_height=\u00bb1.8em\u00bb z_index_tablet=\u00bb500&#8243;]<\/p>\n<p>Carrera 73 N\u00ba 41B &#8211; 38<br \/>Barranquilla &#8211; Colombia<br \/>(+57) (5) 304 9254<br \/>(310) 632 4311<br \/>info@telemarcar.com<\/p>\n<p>[\/et_pb_text][\/et_pb_column][et_pb_column type=\u00bb1_4&#8243; _builder_version=\u00bb3.0.47&#8243;][et_pb_text _builder_version=\u00bb3.21.1&#8243; text_font=\u00bbActor|700|||||||\u00bb text_text_color=\u00bb#ffffff\u00bb text_font_size=\u00bb22px\u00bb]<\/p>\n<p><span style=\"text-decoration: underline;\">S<\/span>\u00edguenos<\/p>\n<p>[\/et_pb_text][et_pb_social_media_follow _builder_version=\u00bb3.21.1&#8243; transform_scale=\u00bb110%|110%\u00bb text_orientation=\u00bbleft\u00bb][et_pb_social_media_follow_network social_network=\u00bbfacebook\u00bb _builder_version=\u00bb3.21.1&#8243; follow_button=\u00bboff\u00bb url_new_window=\u00bbon\u00bb]facebook[\/et_pb_social_media_follow_network][et_pb_social_media_follow_network social_network=\u00bbtwitter\u00bb _builder_version=\u00bb3.21.1&#8243; follow_button=\u00bboff\u00bb url_new_window=\u00bbon\u00bb]twitter[\/et_pb_social_media_follow_network][et_pb_social_media_follow_network social_network=\u00bblinkedin\u00bb _builder_version=\u00bb3.21.1&#8243; follow_button=\u00bboff\u00bb url_new_window=\u00bbon\u00bb]linkedin[\/et_pb_social_media_follow_network][\/et_pb_social_media_follow][\/et_pb_column][\/et_pb_row][\/et_pb_section]<\/p>\n","protected":false},"excerpt":{"rendered":"<p>Imagen DigitalImagen DigitalEsc\u00e1nerContamos con digitalizadores para toda necesidad de negocio, desde modelos compactos y veloces, hasta grandes formatos y alto volumen. Gestione proyectos y flujos de trabajo de forma r\u00e1pida y segura. Gestione de manera f\u00e1cil los soportes mixtos y obtenga escaneado d\u00faplex de una sola pasada con velocidades de hasta 35 ppm\/70 ipm. Escanee [&hellip;]<\/p>\n","protected":false},"author":2,"featured_media":0,"parent":0,"menu_order":0,"comment_status":"closed","ping_status":"closed","template":"","meta":{"_et_pb_use_builder":"on","_et_pb_old_content":"<!-- wp:divi\/placeholder \/-->","_et_gb_content_width":"","footnotes":""},"class_list":["post-36","page","type-page","status-publish","hentry"],"_links":{"self":[{"href":"https:\/\/www.telemarcar.com\/web\/wp-json\/wp\/v2\/pages\/36","targetHints":{"allow":["GET"]}}],"collection":[{"href":"https:\/\/www.telemarcar.com\/web\/wp-json\/wp\/v2\/pages"}],"about":[{"href":"https:\/\/www.telemarcar.com\/web\/wp-json\/wp\/v2\/types\/page"}],"author":[{"embeddable":true,"href":"https:\/\/www.telemarcar.com\/web\/wp-json\/wp\/v2\/users\/2"}],"replies":[{"embeddable":true,"href":"https:\/\/www.telemarcar.com\/web\/wp-json\/wp\/v2\/comments?post=36"}],"version-history":[{"count":13,"href":"https:\/\/www.telemarcar.com\/web\/wp-json\/wp\/v2\/pages\/36\/revisions"}],"predecessor-version":[{"id":539,"href":"https:\/\/www.telemarcar.com\/web\/wp-json\/wp\/v2\/pages\/36\/revisions\/539"}],"wp:attachment":[{"href":"https:\/\/www.telemarcar.com\/web\/wp-json\/wp\/v2\/media?parent=36"}],"curies":[{"name":"wp","href":"https:\/\/api.w.org\/{rel}","templated":true}]}}