{"id":30,"date":"2019-07-24T12:43:59","date_gmt":"2019-07-24T12:43:59","guid":{"rendered":"http:\/\/www.telemarcar.com\/web\/?page_id=30"},"modified":"2019-10-23T22:23:41","modified_gmt":"2019-10-23T22:23:41","slug":"seguridad-electronica","status":"publish","type":"page","link":"https:\/\/www.telemarcar.com\/web\/seguridad-electronica\/","title":{"rendered":"Seguridad electr\u00f3nica"},"content":{"rendered":"<p>[et_pb_section fb_built=\u00bb1&#8243; disabled_on=\u00bbon|on|off\u00bb _builder_version=\u00bb3.21.1&#8243; background_image=\u00bbhttp:\/\/www.telemarcar.com\/web\/wp-content\/uploads\/2019\/07\/seguridad_electronica.jpg\u00bb custom_padding=\u00bb71px|0px|71px|0px|false|false\u00bb][et_pb_row _builder_version=\u00bb3.21.1&#8243;][et_pb_column type=\u00bb4_4&#8243; _builder_version=\u00bb3.21.1&#8243;][et_pb_text _builder_version=\u00bb3.21.1&#8243; text_font=\u00bbActor|700|||||||\u00bb text_text_color=\u00bb#ffffff\u00bb text_font_size=\u00bb70px\u00bb text_text_shadow_style=\u00bbpreset5&#8243; text_text_shadow_horizontal_length=\u00bb0.05em\u00bb text_text_shadow_vertical_length=\u00bb0.05em\u00bb text_text_shadow_blur_strength=\u00bb0.03em\u00bb text_orientation=\u00bbcenter\u00bb]<\/p>\n<p>Seguridad Electr\u00f3nica<\/p>\n<p>[\/et_pb_text][\/et_pb_column][\/et_pb_row][\/et_pb_section][et_pb_section fb_built=\u00bb1&#8243; disabled_on=\u00bboff|off|on\u00bb _builder_version=\u00bb3.21.1&#8243; background_image=\u00bbhttp:\/\/www.telemarcar.com\/web\/wp-content\/uploads\/2019\/07\/seguridad_electronica.jpg\u00bb custom_padding=\u00bb47px|0px|47px|0px|false|false\u00bb][et_pb_row _builder_version=\u00bb3.21.1&#8243;][et_pb_column type=\u00bb4_4&#8243; _builder_version=\u00bb3.21.1&#8243;][et_pb_text _builder_version=\u00bb3.21.1&#8243; text_font=\u00bbActor|700|||||||\u00bb text_text_color=\u00bb#ffffff\u00bb text_font_size=\u00bb37px\u00bb text_line_height=\u00bb1.2em\u00bb text_text_shadow_style=\u00bbpreset5&#8243; text_text_shadow_horizontal_length=\u00bb0.05em\u00bb text_text_shadow_vertical_length=\u00bb0.05em\u00bb text_text_shadow_blur_strength=\u00bb0.03em\u00bb text_orientation=\u00bbcenter\u00bb]<\/p>\n<p>Seguridad Electr\u00f3nica<\/p>\n<p>[\/et_pb_text][\/et_pb_column][\/et_pb_row][\/et_pb_section][et_pb_section fb_built=\u00bb1&#8243; specialty=\u00bbon\u00bb _builder_version=\u00bb3.21.1&#8243; custom_padding=\u00bb54px|0px|34px|0px|false|false\u00bb][et_pb_column type=\u00bb3_4&#8243; specialty_columns=\u00bb3&#8243; _builder_version=\u00bb3.0.47&#8243;][et_pb_row_inner custom_padding=\u00bb29.6875px|0px|2px|0px|false|false\u00bb _builder_version=\u00bb3.21.1&#8243;][et_pb_column_inner type=\u00bb1_2&#8243; saved_specialty_column_type=\u00bb3_4&#8243; _builder_version=\u00bb3.0.47&#8243;][et_pb_text _builder_version=\u00bb3.21.1&#8243; text_font=\u00bb||||||||\u00bb header_font=\u00bbActor|700|||||||\u00bb header_text_color=\u00bb#0056a1&#8243;]<\/p>\n<h1><span style=\"text-decoration: underline;\">V<\/span>ideo Vigilancia CCTV<\/h1>\n<p>[\/et_pb_text][et_pb_text _builder_version=\u00bb3.21.1&#8243; text_font=\u00bbAsap Condensed|500|||||||\u00bb text_text_color=\u00bb#000000&#8243; text_font_size=\u00bb16px\u00bb text_line_height=\u00bb1.5em\u00bb text_orientation=\u00bbjustified\u00bb]<\/p>\n<p><span>La video vigilancia nos permite ver la imagen en directo de nuestra casa o negocio desde cualquier parte del mundo, a trav\u00e9s de Internet, utilizando un ordenador, m\u00f3vil o tableta.<\/span><\/p>\n<p>Contamos con experiencia en el dise\u00f1o e implementaci\u00f3n de proyectos integrales con c\u00e1maras de seguridad para instalaciones del tipo Comercial, Industrial y Residencial.<\/p>\n<p>Nuestras soluciones de video vigilancia le permiten la grabaci\u00f3n local y monitoreo remoto en tiempo real de todas sus sedes o unidades de negocio a nivel nacional desde su Celular y\/o Computador.<\/p>\n<p>[\/et_pb_text][\/et_pb_column_inner][et_pb_column_inner type=\u00bb1_2&#8243; saved_specialty_column_type=\u00bb3_4&#8243; _builder_version=\u00bb3.0.47&#8243;][et_pb_image src=\u00bbhttp:\/\/www.telemarcar.com\/web\/wp-content\/uploads\/2019\/07\/video_vigilancia_cctv.jpg\u00bb _builder_version=\u00bb3.21.1&#8243; border_radii=\u00bbon|16px|16px|16px|16px\u00bb border_width_all=\u00bb2px\u00bb border_color_all=\u00bb#c7c9cc\u00bb][\/et_pb_image][\/et_pb_column_inner][\/et_pb_row_inner][et_pb_row_inner custom_padding=\u00bb29.6875px|0px|0|0px|false|false\u00bb _builder_version=\u00bb3.21.1&#8243;][et_pb_column_inner type=\u00bb4_4&#8243; saved_specialty_column_type=\u00bb3_4&#8243; _builder_version=\u00bb3.0.47&#8243;][et_pb_divider color=\u00bb#c7c9cc\u00bb _builder_version=\u00bb3.21.1&#8243;][\/et_pb_divider][\/et_pb_column_inner][\/et_pb_row_inner][et_pb_row_inner custom_padding=\u00bb29.6875px|0px|2px|0px|false|false\u00bb _builder_version=\u00bb3.21.1&#8243;][et_pb_column_inner type=\u00bb1_2&#8243; saved_specialty_column_type=\u00bb3_4&#8243; _builder_version=\u00bb3.0.47&#8243;][et_pb_gallery fullwidth=\u00bbon\u00bb border_radii=\u00bbon|6px|6px|6px|6px\u00bb _builder_version=\u00bb3.21.1&#8243; gallery_ids=\u00bb783,782,781&#8243; border_color_all=\u00bb#d6d6d6&#8243; border_width_all=\u00bb2px\u00bb][\/et_pb_gallery][\/et_pb_column_inner][et_pb_column_inner type=\u00bb1_2&#8243; saved_specialty_column_type=\u00bb3_4&#8243; _builder_version=\u00bb3.0.47&#8243;][et_pb_text _builder_version=\u00bb3.21.1&#8243; text_font=\u00bb||||||||\u00bb header_font=\u00bbActor|700|||||||\u00bb header_text_color=\u00bb#0056a1&#8243;]<\/p>\n<h1><span style=\"text-decoration: underline;\">C<\/span>ontrol de Acceso<\/h1>\n<p>[\/et_pb_text][et_pb_text _builder_version=\u00bb3.21.1&#8243; text_font=\u00bbAsap Condensed|500|||||||\u00bb text_text_color=\u00bb#000000&#8243; text_font_size=\u00bb16px\u00bb text_line_height=\u00bb1.5em\u00bb text_orientation=\u00bbjustified\u00bb]<\/p>\n<p><span>Un control de acceso permite el acceso de un usuario a un \u00e1rea espec\u00edfica validando la identificaci\u00f3n por medio de diferentes tipos de lectura (clave por teclado, tags de proximidad o biometr\u00eda) y a su vez controlando el recurso (puerta, torniquete o talanquera) por medio de un dispositivo el\u00e9ctrico como un electroim\u00e1n, cantonera, pestillo o motor.<\/span><\/p>\n<p>[\/et_pb_text][\/et_pb_column_inner][\/et_pb_row_inner][et_pb_row_inner custom_padding=\u00bb29.6875px|0px|0|0px|false|false\u00bb _builder_version=\u00bb3.21.1&#8243;][et_pb_column_inner type=\u00bb4_4&#8243; saved_specialty_column_type=\u00bb3_4&#8243; _builder_version=\u00bb3.0.47&#8243;][et_pb_divider color=\u00bb#c7c9cc\u00bb _builder_version=\u00bb3.21.1&#8243;][\/et_pb_divider][\/et_pb_column_inner][\/et_pb_row_inner][et_pb_row_inner custom_padding=\u00bb22px|0px|2px|0px|false|false\u00bb _builder_version=\u00bb3.21.1&#8243;][et_pb_column_inner type=\u00bb1_2&#8243; saved_specialty_column_type=\u00bb3_4&#8243; _builder_version=\u00bb3.0.47&#8243;][et_pb_text _builder_version=\u00bb3.21.1&#8243; text_font=\u00bb||||||||\u00bb header_font=\u00bbActor|700|||||||\u00bb header_text_color=\u00bb#0056a1&#8243;]<\/p>\n<h1><span style=\"text-decoration: underline;\">D<\/span>etecci\u00f3n de Incendio<\/h1>\n<p>[\/et_pb_text][et_pb_text _builder_version=\u00bb3.21.1&#8243; text_font=\u00bbAsap Condensed|500|||||||\u00bb text_text_color=\u00bb#000000&#8243; text_font_size=\u00bb16px\u00bb text_line_height=\u00bb1.5em\u00bb text_orientation=\u00bbjustified\u00bb]<\/p>\n<p><span>Un sistema autom\u00e1tico de detecci\u00f3n de incendios est\u00e1 formado por elementos capaces de detectar el incendio sin intervenci\u00f3n humana emitiendo una se\u00f1al que activa la alarma para que los ocupantes de las instalaciones tengan tiempo de evacuar y evitar as\u00ed da\u00f1os personales.<\/span><\/p>\n<p>Dependiendo de c\u00f3mo se comuniquen los elementos con la central de detecci\u00f3n, los sis central-convencional temas son convencionales o anal\u00f3gicos.<\/p>\n<p>[\/et_pb_text][\/et_pb_column_inner][et_pb_column_inner type=\u00bb1_2&#8243; saved_specialty_column_type=\u00bb3_4&#8243; _builder_version=\u00bb3.0.47&#8243;][et_pb_image src=\u00bbhttp:\/\/www.telemarcar.com\/web\/wp-content\/uploads\/2019\/07\/deteccion_de_incendio.jpg\u00bb _builder_version=\u00bb3.21.1&#8243; border_radii=\u00bbon|16px|16px|16px|16px\u00bb border_width_all=\u00bb2px\u00bb border_color_all=\u00bb#c7c9cc\u00bb][\/et_pb_image][\/et_pb_column_inner][\/et_pb_row_inner][\/et_pb_column][et_pb_column type=\u00bb1_4&#8243; _builder_version=\u00bb3.0.47&#8243;][et_pb_post_slider posts_number=\u00bb8&#8243; include_categories=\u00bb3&#8243; more_text=\u00bbLeer m\u00e1s\u00bb excerpt_length=\u00bb170&#8243; show_meta=\u00bboff\u00bb use_text_overlay=\u00bboff\u00bb _builder_version=\u00bb3.21.1&#8243; header_font=\u00bbAsap Condensed|500|||||||\u00bb header_text_align=\u00bbcenter\u00bb header_font_size=\u00bb27px\u00bb header_text_shadow_style=\u00bbpreset5&#8243; header_text_shadow_horizontal_length=\u00bb0.09em\u00bb header_text_shadow_vertical_length=\u00bb0.09em\u00bb header_text_shadow_blur_strength=\u00bb0.03em\u00bb header_text_shadow_color=\u00bbrgba(0,0,0,0.77)\u00bb body_font=\u00bbAsap Condensed|500|||||||\u00bb body_font_size=\u00bb17px\u00bb meta_font=\u00bb||||||||\u00bb border_radii=\u00bbon|10px|10px|10px|10px\u00bb custom_button=\u00bbon\u00bb button_text_size=\u00bb16px\u00bb button_text_color=\u00bb#073f78&#8243; button_bg_color=\u00bbrgba(255,255,255,0.8)\u00bb button_font=\u00bbActor|700|||||||\u00bb button_icon=\u00bb%%72%%\u00bb][\/et_pb_post_slider][\/et_pb_column][\/et_pb_section][et_pb_section fb_built=\u00bb1&#8243; prev_background_color=\u00bb#ffffff\u00bb _builder_version=\u00bb3.21.1&#8243; background_color=\u00bb#00274f\u00bb custom_padding=\u00bb58px|0px|0|0px|false|false\u00bb top_divider_style=\u00bbramp2&#8243; top_divider_height=\u00bb53px\u00bb top_divider_arrangement=\u00bbabove_content\u00bb global_module=\u00bb183&#8243; saved_tabs=\u00bball\u00bb][et_pb_row custom_padding=\u00bb27px|0px|35px|0px|false|false\u00bb _builder_version=\u00bb3.21.1&#8243;][et_pb_column type=\u00bb1_4&#8243; _builder_version=\u00bb3.0.47&#8243;][et_pb_text _builder_version=\u00bb3.21.1&#8243; text_font=\u00bbActor|700|||||||\u00bb text_text_color=\u00bb#ffffff\u00bb text_font_size=\u00bb22px\u00bb]<\/p>\n<p><span style=\"text-decoration: underline;\">S<\/span>uscr\u00edbete<\/p>\n<p>[\/et_pb_text][et_pb_contact_form captcha=\u00bboff\u00bb email=\u00bbinfo@telemarcar.com\u00bb title=\u00bbRecibe nuestro bolet\u00edn mensual\u00bb custom_message=\u00bbSuscripci\u00f3n desde la p\u00e1gina web||et_pb_line_break_holder||||et_pb_line_break_holder||Correo electr\u00f3nico para agregar a base de datos: %%Email%%\u00bb success_message=\u00bbGracias por suscribirte, su correo fue enviado con \u00e9xito.\u00bb submit_button_text=\u00bbSuscribirse\u00bb _builder_version=\u00bb3.21.1&#8243; title_font=\u00bbActor||||||||\u00bb title_text_color=\u00bb#ffffff\u00bb title_font_size=\u00bb16px\u00bb title_line_height=\u00bb1.2em\u00bb form_field_font=\u00bbActor||||||||\u00bb form_field_font_size=\u00bb16px\u00bb form_field_line_height=\u00bb1em\u00bb border_radii=\u00bbon|15px|15px|15px|15px\u00bb custom_button=\u00bbon\u00bb button_text_size=\u00bb16px\u00bb button_text_color=\u00bb#ffffff\u00bb button_border_width=\u00bb1px\u00bb button_border_radius=\u00bb10px\u00bb button_letter_spacing=\u00bb0px\u00bb button_font=\u00bbActor|700|||||||\u00bb button_icon=\u00bb%%40%%\u00bb max_width=\u00bb96%\u00bb custom_margin=\u00bb8px||\u00bb custom_padding=\u00bb0px||\u00bb][et_pb_contact_field field_id=\u00bbEmail\u00bb field_title=\u00bbCorreo electr\u00f3nico\u00bb field_type=\u00bbemail\u00bb fullwidth_field=\u00bbon\u00bb _builder_version=\u00bb3.21.1&#8243; border_radii=\u00bbon||||\u00bb button_text_size__hover_enabled=\u00bboff\u00bb button_one_text_size__hover_enabled=\u00bboff\u00bb button_two_text_size__hover_enabled=\u00bboff\u00bb button_text_color__hover_enabled=\u00bboff\u00bb button_one_text_color__hover_enabled=\u00bboff\u00bb button_two_text_color__hover_enabled=\u00bboff\u00bb button_border_width__hover_enabled=\u00bboff\u00bb button_one_border_width__hover_enabled=\u00bboff\u00bb button_two_border_width__hover_enabled=\u00bboff\u00bb button_border_color__hover_enabled=\u00bboff\u00bb button_one_border_color__hover_enabled=\u00bboff\u00bb button_two_border_color__hover_enabled=\u00bboff\u00bb button_border_radius__hover_enabled=\u00bboff\u00bb button_one_border_radius__hover_enabled=\u00bboff\u00bb button_two_border_radius__hover_enabled=\u00bboff\u00bb button_letter_spacing__hover_enabled=\u00bboff\u00bb button_one_letter_spacing__hover_enabled=\u00bboff\u00bb button_two_letter_spacing__hover_enabled=\u00bboff\u00bb button_bg_color__hover_enabled=\u00bboff\u00bb button_one_bg_color__hover_enabled=\u00bboff\u00bb button_two_bg_color__hover_enabled=\u00bboff\u00bb][\/et_pb_contact_field][\/et_pb_contact_form][\/et_pb_column][et_pb_column type=\u00bb1_4&#8243; _builder_version=\u00bb3.0.47&#8243;][et_pb_text _builder_version=\u00bb3.21.1&#8243; text_font=\u00bbActor|700|||||||\u00bb text_text_color=\u00bb#ffffff\u00bb text_font_size=\u00bb22px\u00bb]<\/p>\n<p><span style=\"text-decoration: underline;\">M<\/span>en\u00fa<\/p>\n<p>[\/et_pb_text][et_pb_text _builder_version=\u00bb3.21.1&#8243; text_font=\u00bbActor||||||||\u00bb text_text_color=\u00bb#ffffff\u00bb text_font_size=\u00bb15px\u00bb text_line_height=\u00bb1.8em\u00bb]<\/p>\n<p><span style=\"color: #ffffff;\"><a href=\"http:\/\/www.telemarcar.com\/web\/\" style=\"color: #ffffff;\">Inicio<\/a><\/span><br \/> <span style=\"color: #ffffff;\"> <a href=\"http:\/\/www.telemarcar.com\/web\/soluciones\/\" style=\"color: #ffffff;\">Soluciones<\/a><\/span><br \/> <span style=\"color: #ffffff;\"> <a href=\"http:\/\/www.telemarcar.com\/web\/productos\/\" style=\"color: #ffffff;\">Productos<\/a><\/span><br \/> <span style=\"color: #ffffff;\"> <a href=\"http:\/\/www.telemarcar.com\/web\/contactenos\/\" style=\"color: #ffffff;\">Contacto<\/a><\/span><\/p>\n<p>[\/et_pb_text][\/et_pb_column][et_pb_column type=\u00bb1_4&#8243; _builder_version=\u00bb3.0.47&#8243;][et_pb_text _builder_version=\u00bb3.21.1&#8243; text_font=\u00bbActor|700|||||||\u00bb text_text_color=\u00bb#ffffff\u00bb text_font_size=\u00bb22px\u00bb]<\/p>\n<p><u>U<\/u>bicaci\u00f3n<\/p>\n<p>[\/et_pb_text][et_pb_text _builder_version=\u00bb3.21.1&#8243; text_font=\u00bbArial||||||||\u00bb text_text_color=\u00bb#ffffff\u00bb text_font_size=\u00bb15px\u00bb z_index_tablet=\u00bb500&#8243;]<\/p>\n<p>Calle 73 # 41B &#8211; 38<br \/> Barranquilla &#8211; Colombia<br \/> (+57) (5) 304 9254<br \/>(312) 691 6008 &#8211; (310) 632 4311<br \/> <a href=\"mailto:ventas@telemarcar.com.co\"><span style=\"font-weight: 400;\">ventas@telemarcar.com.co<\/span><\/a><\/p>\n<p>[\/et_pb_text][\/et_pb_column][et_pb_column type=\u00bb1_4&#8243; _builder_version=\u00bb3.0.47&#8243;][et_pb_text _builder_version=\u00bb3.21.1&#8243; text_font=\u00bbActor|700|||||||\u00bb text_text_color=\u00bb#ffffff\u00bb text_font_size=\u00bb22px\u00bb]<\/p>\n<p><span style=\"text-decoration: underline;\">S<\/span>\u00edguenos<\/p>\n<p>[\/et_pb_text][et_pb_social_media_follow _builder_version=\u00bb3.21.1&#8243; transform_scale=\u00bb110%|110%\u00bb text_orientation=\u00bbleft\u00bb][et_pb_social_media_follow_network social_network=\u00bbfacebook\u00bb _builder_version=\u00bb3.21.1&#8243; follow_button=\u00bboff\u00bb url_new_window=\u00bbon\u00bb]facebook[\/et_pb_social_media_follow_network][et_pb_social_media_follow_network social_network=\u00bbtwitter\u00bb _builder_version=\u00bb3.21.1&#8243; follow_button=\u00bboff\u00bb url_new_window=\u00bbon\u00bb]twitter[\/et_pb_social_media_follow_network][et_pb_social_media_follow_network social_network=\u00bblinkedin\u00bb _builder_version=\u00bb3.21.1&#8243; follow_button=\u00bboff\u00bb url_new_window=\u00bbon\u00bb]linkedin[\/et_pb_social_media_follow_network][\/et_pb_social_media_follow][\/et_pb_column][\/et_pb_row][\/et_pb_section]<\/p>\n","protected":false},"excerpt":{"rendered":"<p>Seguridad Electr\u00f3nicaSeguridad Electr\u00f3nicaVideo Vigilancia CCTVLa video vigilancia nos permite ver la imagen en directo de nuestra casa o negocio desde cualquier parte del mundo, a trav\u00e9s de Internet, utilizando un ordenador, m\u00f3vil o tableta. Contamos con experiencia en el dise\u00f1o e implementaci\u00f3n de proyectos integrales con c\u00e1maras de seguridad para instalaciones del tipo Comercial, Industrial [&hellip;]<\/p>\n","protected":false},"author":2,"featured_media":0,"parent":0,"menu_order":0,"comment_status":"closed","ping_status":"closed","template":"","meta":{"_et_pb_use_builder":"on","_et_pb_old_content":"<!-- wp:divi\/placeholder \/-->","_et_gb_content_width":"","footnotes":""},"class_list":["post-30","page","type-page","status-publish","hentry"],"_links":{"self":[{"href":"https:\/\/www.telemarcar.com\/web\/wp-json\/wp\/v2\/pages\/30","targetHints":{"allow":["GET"]}}],"collection":[{"href":"https:\/\/www.telemarcar.com\/web\/wp-json\/wp\/v2\/pages"}],"about":[{"href":"https:\/\/www.telemarcar.com\/web\/wp-json\/wp\/v2\/types\/page"}],"author":[{"embeddable":true,"href":"https:\/\/www.telemarcar.com\/web\/wp-json\/wp\/v2\/users\/2"}],"replies":[{"embeddable":true,"href":"https:\/\/www.telemarcar.com\/web\/wp-json\/wp\/v2\/comments?post=30"}],"version-history":[{"count":19,"href":"https:\/\/www.telemarcar.com\/web\/wp-json\/wp\/v2\/pages\/30\/revisions"}],"predecessor-version":[{"id":787,"href":"https:\/\/www.telemarcar.com\/web\/wp-json\/wp\/v2\/pages\/30\/revisions\/787"}],"wp:attachment":[{"href":"https:\/\/www.telemarcar.com\/web\/wp-json\/wp\/v2\/media?parent=30"}],"curies":[{"name":"wp","href":"https:\/\/api.w.org\/{rel}","templated":true}]}}